{"id":845,"date":"2025-02-20T23:55:59","date_gmt":"2025-02-20T23:55:59","guid":{"rendered":"https:\/\/fragasdocabril.com\/?page_id=845"},"modified":"2026-04-30T08:00:18","modified_gmt":"2026-04-30T08:00:18","slug":"sobre-nos","status":"publish","type":"page","link":"https:\/\/fragasdocabril.com\/en\/sobre-nos\/","title":{"rendered":"About Us"},"content":{"rendered":"<div data-elementor-type=\"wp-page\" data-elementor-id=\"845\" class=\"elementor elementor-845\">\n\t\t\t\t<div class=\"elementor-element elementor-element-275119 e-flex e-con-boxed wpr-sticky-section-no wpr-equal-height-no e-con e-parent\" data-id=\"275119\" data-element_type=\"container\" data-e-type=\"container\" data-settings=\"{&quot;background_background&quot;:&quot;classic&quot;}\">\n\t\t\t\t\t<div class=\"e-con-inner\">\n\t\t\t\t<div class=\"elementor-element elementor-element-e570a43 elementor-widget elementor-widget-heading\" data-id=\"e570a43\" data-element_type=\"widget\" data-e-type=\"widget\" data-widget_type=\"heading.default\">\n\t\t\t\t<div class=\"elementor-widget-container\">\n\t\t\t\t\t<h1 class=\"elementor-heading-title elementor-size-default\">About Us<\/h1>\t\t\t\t<\/div>\n\t\t\t\t<\/div>\n\t\t\t\t\t<\/div>\n\t\t\t\t<\/div>\n\t\t<div class=\"elementor-element elementor-element-741aad0 e-con-full e-flex wpr-sticky-section-no wpr-equal-height-no e-con e-parent\" data-id=\"741aad0\" data-element_type=\"container\" data-e-type=\"container\">\n\t\t<div class=\"elementor-element elementor-element-b97bcc9 e-flex e-con-boxed wpr-sticky-section-no wpr-equal-height-no e-con e-child\" data-id=\"b97bcc9\" data-element_type=\"container\" data-e-type=\"container\">\n\t\t\t\t\t<div class=\"e-con-inner\">\n\t\t\t\t<div class=\"elementor-element elementor-element-caa89a9 elementor-widget elementor-widget-heading\" data-id=\"caa89a9\" data-element_type=\"widget\" data-e-type=\"widget\" data-widget_type=\"heading.default\">\n\t\t\t\t<div class=\"elementor-widget-container\">\n\t\t\t\t\t<h2 class=\"elementor-heading-title elementor-size-default\">Our History<\/h2>\t\t\t\t<\/div>\n\t\t\t\t<\/div>\n\t\t\t\t<div class=\"elementor-element elementor-element-f51c387 elementor-widget elementor-widget-text-editor\" data-id=\"f51c387\" data-element_type=\"widget\" data-e-type=\"widget\" data-widget_type=\"text-editor.default\">\n\t\t\t\t<div class=\"elementor-widget-container\">\n\t\t\t\t\t\t\t\t\t<p class=\"p1\"><b>The <\/b><span class=\"s1\"><b><i>Fragas do Cabril Eco &amp; Wellness Lodge<\/i><\/b><\/span><b> It was born from the desire to embrace a more authentic life in the countryside. <\/b>We left Lisbon to return to our roots in Serpins, as we always saw enormous potential in this region, full of... <span class=\"s1\">rich landscape, heritage and culture.<\/span><\/p><p class=\"p1\">In 2018, we acquired a plot of land at Quinta do Cabril and dedicated ourselves to the project, creating a space for <span class=\"s1\">Nature and Wellness Tourism<\/span> aligned with our values: <span class=\"s1\">environmental sustainability<\/span>, <span class=\"s1\">promoting nature tourism<\/span> and <span class=\"s1\">respect for rural traditions<\/span>. Above all, we wanted to build a haven where visitors could relax, take care of themselves, and connect with nature.<b><\/b><\/p>\t\t\t\t\t\t\t\t<\/div>\n\t\t\t\t<\/div>\n\t\t\t\t\t<\/div>\n\t\t\t\t<\/div>\n\t\t\t\t<\/div>\n\t\t<div class=\"elementor-element elementor-element-6f3d31e e-flex e-con-boxed wpr-sticky-section-no wpr-equal-height-no e-con e-parent\" data-id=\"6f3d31e\" data-element_type=\"container\" data-e-type=\"container\">\n\t\t\t\t\t<div class=\"e-con-inner\">\n\t\t\t\t<div class=\"elementor-element elementor-element-dec8a8c elementor-widget elementor-widget-heading\" data-id=\"dec8a8c\" data-element_type=\"widget\" data-e-type=\"widget\" data-widget_type=\"heading.default\">\n\t\t\t\t<div class=\"elementor-widget-container\">\n\t\t\t\t\t<h2 class=\"elementor-heading-title elementor-size-default\">The place<\/h2>\t\t\t\t<\/div>\n\t\t\t\t<\/div>\n\t\t<div class=\"elementor-element elementor-element-5198689 e-flex e-con-boxed wpr-sticky-section-no wpr-equal-height-no e-con e-child\" data-id=\"5198689\" data-element_type=\"container\" data-e-type=\"container\">\n\t\t\t\t\t<div class=\"e-con-inner\">\n\t\t\t\t<div class=\"elementor-element elementor-element-55bb9d7 elementor-widget-tablet__width-initial elementor-widget__width-initial elementor-widget elementor-widget-text-editor\" data-id=\"55bb9d7\" data-element_type=\"widget\" data-e-type=\"widget\" data-widget_type=\"text-editor.default\">\n\t\t\t\t<div class=\"elementor-widget-container\">\n\t\t\t\t\t\t\t\t\t<p class=\"p1\">Located in Quinta do Cabril, our development is just 200 meters from the impressive <span class=\"s1\">Cabril throat of Ceira<\/span>, one of the region&#039;s natural treasures. This wild river beach, with its crystal-clear lagoon and imposing rocky cliffs that narrow the river&#039;s course, inspired not only the name of our project but also its entire visual identity and brand image.<\/p><p class=\"p1\">Located on the edge of <span class=\"s1\">Rio Ceira<\/span>, Located approximately 2 km from the village of Serpins, this property offers a true haven where you can rediscover the serene rhythm of rural life. Here, time is shared only with the local flora and fauna, in an environment of... <span class=\"s1\">peace, security and harmony<\/span>.<b><\/b><\/p>\t\t\t\t\t\t\t\t<\/div>\n\t\t\t\t<\/div>\n\t\t\t\t<div class=\"elementor-element elementor-element-2fe23c5 elementor-widget elementor-widget-image\" data-id=\"2fe23c5\" data-element_type=\"widget\" data-e-type=\"widget\" data-widget_type=\"image.default\">\n\t\t\t\t<div class=\"elementor-widget-container\">\n\t\t\t\t\t\t\t\t\t\t\t\t\t\t\t<img fetchpriority=\"high\" decoding=\"async\" width=\"633\" height=\"415\" src=\"https:\/\/fragasdocabril.com\/wp-content\/uploads\/2025\/02\/fdc_fragasdcabril_logo_large.svg\" class=\"attachment-full size-full wp-image-752\" alt=\"\" \/>\t\t\t\t\t\t\t\t\t\t\t\t\t\t\t<\/div>\n\t\t\t\t<\/div>\n\t\t\t\t\t<\/div>\n\t\t\t\t<\/div>\n\t\t\t\t<div class=\"elementor-element elementor-element-f07386a elementor-widget-tablet__width-initial elementor-widget elementor-widget-image\" data-id=\"f07386a\" data-element_type=\"widget\" data-e-type=\"widget\" data-widget_type=\"image.default\">\n\t\t\t\t<div class=\"elementor-widget-container\">\n\t\t\t\t\t\t\t\t\t\t\t\t\t\t\t<img decoding=\"async\" width=\"1242\" height=\"33\" src=\"https:\/\/fragasdocabril.com\/wp-content\/uploads\/2025\/02\/fdc_clopud_bg_light_blue.svg\" class=\"attachment-full size-full wp-image-748\" alt=\"\" \/>\t\t\t\t\t\t\t\t\t\t\t\t\t\t\t<\/div>\n\t\t\t\t<\/div>\n\t\t\t\t\t<\/div>\n\t\t\t\t<\/div>\n\t\t<div class=\"elementor-element elementor-element-06c0ba3 e-flex e-con-boxed wpr-sticky-section-no wpr-equal-height-no e-con e-parent\" data-id=\"06c0ba3\" data-element_type=\"container\" data-e-type=\"container\">\n\t\t\t\t\t<div class=\"e-con-inner\">\n\t\t\t\t<div class=\"elementor-element elementor-element-bf8a3a5 elementor-widget__width-inherit e-transform elementor-widget elementor-widget-image\" data-id=\"bf8a3a5\" data-element_type=\"widget\" data-e-type=\"widget\" data-settings=\"{&quot;_transform_scale_effect&quot;:{&quot;unit&quot;:&quot;px&quot;,&quot;size&quot;:1.3,&quot;sizes&quot;:[]},&quot;_transform_scale_effect_tablet&quot;:{&quot;unit&quot;:&quot;px&quot;,&quot;size&quot;:1,&quot;sizes&quot;:[]},&quot;_transform_scale_effect_mobile&quot;:{&quot;unit&quot;:&quot;px&quot;,&quot;size&quot;:&quot;&quot;,&quot;sizes&quot;:[]}}\" data-widget_type=\"image.default\">\n\t\t\t\t<div class=\"elementor-widget-container\">\n\t\t\t\t\t\t\t\t\t\t\t\t\t\t\t<img decoding=\"async\" width=\"2048\" height=\"1536\" src=\"https:\/\/fragasdocabril.com\/wp-content\/uploads\/2026\/04\/pagina-sobre-nos.jpg\" class=\"attachment-full size-full wp-image-7577\" alt=\"\" srcset=\"https:\/\/fragasdocabril.com\/wp-content\/uploads\/2026\/04\/pagina-sobre-nos.jpg 2048w, https:\/\/fragasdocabril.com\/wp-content\/uploads\/2026\/04\/pagina-sobre-nos-300x225.jpg 300w, https:\/\/fragasdocabril.com\/wp-content\/uploads\/2026\/04\/pagina-sobre-nos-1024x768.jpg 1024w, https:\/\/fragasdocabril.com\/wp-content\/uploads\/2026\/04\/pagina-sobre-nos-768x576.jpg 768w, https:\/\/fragasdocabril.com\/wp-content\/uploads\/2026\/04\/pagina-sobre-nos-1536x1152.jpg 1536w, https:\/\/fragasdocabril.com\/wp-content\/uploads\/2026\/04\/pagina-sobre-nos-16x12.jpg 16w\" sizes=\"(max-width: 2048px) 100vw, 2048px\" \/>\t\t\t\t\t\t\t\t\t\t\t\t\t\t\t<\/div>\n\t\t\t\t<\/div>\n\t\t\t\t\t<\/div>\n\t\t\t\t<\/div>\n\t\t<div class=\"elementor-element elementor-element-6db5529 e-flex e-con-boxed wpr-sticky-section-no wpr-equal-height-no e-con e-parent\" data-id=\"6db5529\" data-element_type=\"container\" data-e-type=\"container\" data-settings=\"{&quot;background_background&quot;:&quot;classic&quot;}\">\n\t\t\t\t\t<div class=\"e-con-inner\">\n\t\t\t\t<div class=\"elementor-element elementor-element-597a29b elementor-widget elementor-widget-heading\" data-id=\"597a29b\" data-element_type=\"widget\" data-e-type=\"widget\" data-widget_type=\"heading.default\">\n\t\t\t\t<div class=\"elementor-widget-container\">\n\t\t\t\t\t<h2 class=\"elementor-heading-title elementor-size-default\">Our Mission\n<\/h2>\t\t\t\t<\/div>\n\t\t\t\t<\/div>\n\t\t\t\t<div class=\"elementor-element elementor-element-4462daf elementor-widget elementor-widget-text-editor\" data-id=\"4462daf\" data-element_type=\"widget\" data-e-type=\"widget\" data-widget_type=\"text-editor.default\">\n\t\t\t\t<div class=\"elementor-widget-container\">\n\t\t\t\t\t\t\t\t\t<p class=\"p1\"><b>The <\/b><span class=\"s1\"><b><i>Fragas do Cabril Eco &amp; Wellness Lodge<\/i><\/b><\/span> It&#039;s more than just accommodation \u2014 it&#039;s the realization of a dream and an invitation to a simpler life, more connected with nature. <b><\/b><strong>Our mission<\/strong> is to provide a <span class=\"s1\">single stay<\/span>, combining <span class=\"s1\">comfort and authenticity<\/span> in a setting privileged by nature.<\/p>\t\t\t\t\t\t\t\t<\/div>\n\t\t\t\t<\/div>\n\t\t\t\t<div class=\"elementor-element elementor-element-5025eca elementor-widget elementor-widget-text-editor\" data-id=\"5025eca\" data-element_type=\"widget\" data-e-type=\"widget\" data-widget_type=\"text-editor.default\">\n\t\t\t\t<div class=\"elementor-widget-container\">\n\t\t\t\t\t\t\t\t\t<p class=\"p1\"><b><i>Come and discover this little paradise, disconnect from the world and let yourself be enveloped by the magic of Cabril and Ceira.<\/i><\/b><b><i><\/i><\/b><\/p>\t\t\t\t\t\t\t\t<\/div>\n\t\t\t\t<\/div>\n\t\t\t\t\t<\/div>\n\t\t\t\t<\/div>\n\t\t<div class=\"elementor-element elementor-element-c633ecd e-flex e-con-boxed wpr-sticky-section-no wpr-equal-height-no e-con e-parent\" data-id=\"c633ecd\" data-element_type=\"container\" data-e-type=\"container\" data-settings=\"{&quot;background_background&quot;:&quot;classic&quot;}\">\n\t\t\t\t\t<div class=\"e-con-inner\">\n\t\t<div class=\"elementor-element elementor-element-d413814 e-grid e-con-full wpr-sticky-section-no wpr-equal-height-no e-con e-child\" data-id=\"d413814\" data-element_type=\"container\" data-e-type=\"container\">\n\t\t\t\t<div class=\"elementor-element elementor-element-56bdaf5 elementor-widget elementor-widget-heading\" data-id=\"56bdaf5\" data-element_type=\"widget\" data-e-type=\"widget\" data-widget_type=\"heading.default\">\n\t\t\t\t<div class=\"elementor-widget-container\">\n\t\t\t\t\t<h2 class=\"elementor-heading-title elementor-size-default\">Eco Commitment<\/h2>\t\t\t\t<\/div>\n\t\t\t\t<\/div>\n\t\t\t\t<div class=\"elementor-element elementor-element-c91ae55 elementor-widget elementor-widget-text-editor\" data-id=\"c91ae55\" data-element_type=\"widget\" data-e-type=\"widget\" data-widget_type=\"text-editor.default\">\n\t\t\t\t<div class=\"elementor-widget-container\">\n\t\t\t\t\t\t\t\t\t<p class=\"p1\"><b>Node <\/b><span class=\"s1\"><b><i>Fragas of Cabril<\/i><\/b><\/span><b>, a <\/b><span class=\"s1\"><b>environmental sustainability<\/b><\/span><b> It&#039;s our essence. We designed a space. <\/b><span class=\"s1\"><b>eco-friendly<\/b><\/span><b>, Seeking to minimize the impact on the surrounding area and promoting perfect harmony with nature, the construction was intentionally planned to reduce visual impact, and the exterior design aims to alter the existing flora and fauna as little as possible.<\/b><b><\/b><\/p>\t\t\t\t\t\t\t\t<\/div>\n\t\t\t\t<\/div>\n\t\t\t\t<\/div>\n\t\t\t\t\t<\/div>\n\t\t\t\t<\/div>\n\t\t<div class=\"elementor-element elementor-element-9186a01 e-flex e-con-boxed wpr-sticky-section-no wpr-equal-height-no e-con e-parent\" data-id=\"9186a01\" data-element_type=\"container\" data-e-type=\"container\">\n\t\t\t\t\t<div class=\"e-con-inner\">\n\t\t<div class=\"elementor-element elementor-element-9cf503f e-grid e-con-full wpr-sticky-section-no wpr-equal-height-no e-con e-child\" data-id=\"9cf503f\" data-element_type=\"container\" data-e-type=\"container\">\n\t\t\t\t<div class=\"elementor-element elementor-element-a497a81 elementor-widget elementor-widget-heading\" data-id=\"a497a81\" data-element_type=\"widget\" data-e-type=\"widget\" data-widget_type=\"heading.default\">\n\t\t\t\t<div class=\"elementor-widget-container\">\n\t\t\t\t\t<h2 class=\"elementor-heading-title elementor-size-default\">In Tune with Nature\n<\/h2>\t\t\t\t<\/div>\n\t\t\t\t<\/div>\n\t\t\t\t<div class=\"elementor-element elementor-element-2268653 elementor-widget elementor-widget-text-editor\" data-id=\"2268653\" data-element_type=\"widget\" data-e-type=\"widget\" data-widget_type=\"text-editor.default\">\n\t\t\t\t<div class=\"elementor-widget-container\">\n\t\t\t\t\t\t\t\t\t<p>Lorem ipsum dolor sit amet, consectetur adipiscing elit. Ut elit tellus, luctus nec ullamcorper mattis, pulvinar dapibus leo.<\/p>\t\t\t\t\t\t\t\t<\/div>\n\t\t\t\t<\/div>\n\t\t\t\t<\/div>\n\t\t\t\t\t<\/div>\n\t\t\t\t<\/div>\n\t\t\t\t<\/div>","protected":false},"excerpt":{"rendered":"<p>Sobre N\u00f3s A nossa Hist\u00f3ria O Fragas do Cabril Eco &amp; Wellness Lodge nasceu do desejo de abra\u00e7ar uma vida mais aut\u00eantica no campo. Deix\u00e1mos Lisboa para regressar \u00e0s nossas ra\u00edzes em Serpins, pois sempre vimos um enorme potencial nesta regi\u00e3o, repleta de riqueza paisag\u00edstica, patrimonial e cultural. Em 2018, adquirimos uma parcela na Quinta do Cabril e dedic\u00e1mo-nos ao projeto, criando um espa\u00e7o de Turismo de Natureza e Bem-Estar alinhado com os nossos valores: sustentabilidade ambiental, valoriza\u00e7\u00e3o do turismo de natureza e respeito pelas tradi\u00e7\u00f5es rurais. Acima de tudo, quer\u00edamos construir um ref\u00fagio onde os visitantes pudessem relaxar, cuidar de si e conectar-se com a natureza. O lugar Localizado na Quinta do Cabril, o nosso empreendimento encontra-se a apenas 200 metros da impressionante Garganta do Cabril do Ceira, um dos tesouros naturais da regi\u00e3o. Esta praia fluvial selvagem, com uma lagoa cristalina e imponentes fragas rochosas que estreitam o curso do rio, inspirou n\u00e3o s\u00f3 o nome do nosso empreendimento, mas tamb\u00e9m toda a sua identidade visual e imagem de marca. Situado \u00e0 beira do Rio Ceira, a cerca de 2 km da vila de Serpins, oferece um verdadeiro ref\u00fagio onde pode redescobrir o ritmo sereno da vida rural. Aqui, o tempo \u00e9 partilhado apenas com a fauna e flora locais, num ambiente de paz, seguran\u00e7a e harmonia. A Nossa Miss\u00e3o O Fragas do Cabril Eco &amp; Wellness Lodge \u00e9 mais do que um alojamento \u2014 \u00e9 a concretiza\u00e7\u00e3o de um sonho e um convite a uma vida mais simples e conectada com a natureza. A nossa miss\u00e3o \u00e9 proporcionar uma estadia \u00fanica, combinando conforto e autenticidade num cen\u00e1rio privilegiado pela natureza. Venha conhecer este pequeno para\u00edso, desconecte-se do mundo e deixe-se envolver pela magia do Cabril do Ceira. Compromisso Eco No Fragas do Cabril, a sustentabilidade ambiental \u00e9 a nossa ess\u00eancia. Projet\u00e1mos um espa\u00e7o eco-friendly, procurando minimizar o impacto na \u00e1rea envolvente e promovendo uma harmonia perfeita com a natureza. A constru\u00e7\u00e3o foi intencionalmente planeada para reduzir o impacto visual e o projeto de exteriores procura alterar o m\u00ednimo poss\u00edvel a flora e a fauna existentes. Em Sintonia com a Natureza Lorem ipsum dolor sit amet, consectetur adipiscing elit. Ut elit tellus, luctus nec ullamcorper mattis, pulvinar dapibus leo.<\/p>","protected":false},"author":1,"featured_media":0,"parent":0,"menu_order":0,"comment_status":"closed","ping_status":"closed","template":"elementor_header_footer","meta":{"site-sidebar-layout":"no-sidebar","site-content-layout":"","ast-site-content-layout":"full-width-container","site-content-style":"default","site-sidebar-style":"default","ast-global-header-display":"","ast-banner-title-visibility":"","ast-main-header-display":"","ast-hfb-above-header-display":"","ast-hfb-below-header-display":"","ast-hfb-mobile-header-display":"","site-post-title":"disabled","ast-breadcrumbs-content":"","ast-featured-img":"disabled","footer-sml-layout":"","ast-disable-related-posts":"","theme-transparent-header-meta":"","adv-header-id-meta":"","stick-header-meta":"","header-above-stick-meta":"","header-main-stick-meta":"","header-below-stick-meta":"","astra-migrate-meta-layouts":"default","ast-page-background-enabled":"default","ast-page-background-meta":{"desktop":{"background-color":"var(--ast-global-color-5)","background-image":"","background-repeat":"repeat","background-position":"center center","background-size":"auto","background-attachment":"scroll","background-type":"","background-media":"","overlay-type":"","overlay-color":"","overlay-opacity":"","overlay-gradient":""},"tablet":{"background-color":"","background-image":"","background-repeat":"repeat","background-position":"center center","background-size":"auto","background-attachment":"scroll","background-type":"","background-media":"","overlay-type":"","overlay-color":"","overlay-opacity":"","overlay-gradient":""},"mobile":{"background-color":"","background-image":"","background-repeat":"repeat","background-position":"center center","background-size":"auto","background-attachment":"scroll","background-type":"","background-media":"","overlay-type":"","overlay-color":"","overlay-opacity":"","overlay-gradient":""}},"ast-content-background-meta":{"desktop":{"background-color":"var(--ast-global-color-4)","background-image":"","background-repeat":"repeat","background-position":"center center","background-size":"auto","background-attachment":"scroll","background-type":"","background-media":"","overlay-type":"","overlay-color":"","overlay-opacity":"","overlay-gradient":""},"tablet":{"background-color":"var(--ast-global-color-4)","background-image":"","background-repeat":"repeat","background-position":"center center","background-size":"auto","background-attachment":"scroll","background-type":"","background-media":"","overlay-type":"","overlay-color":"","overlay-opacity":"","overlay-gradient":""},"mobile":{"background-color":"var(--ast-global-color-4)","background-image":"","background-repeat":"repeat","background-position":"center center","background-size":"auto","background-attachment":"scroll","background-type":"","background-media":"","overlay-type":"","overlay-color":"","overlay-opacity":"","overlay-gradient":""}},"footnotes":""},"class_list":["post-845","page","type-page","status-publish","hentry"],"_links":{"self":[{"href":"https:\/\/fragasdocabril.com\/en\/wp-json\/wp\/v2\/pages\/845","targetHints":{"allow":["GET"]}}],"collection":[{"href":"https:\/\/fragasdocabril.com\/en\/wp-json\/wp\/v2\/pages"}],"about":[{"href":"https:\/\/fragasdocabril.com\/en\/wp-json\/wp\/v2\/types\/page"}],"author":[{"embeddable":true,"href":"https:\/\/fragasdocabril.com\/en\/wp-json\/wp\/v2\/users\/1"}],"replies":[{"embeddable":true,"href":"https:\/\/fragasdocabril.com\/en\/wp-json\/wp\/v2\/comments?post=845"}],"version-history":[{"count":365,"href":"https:\/\/fragasdocabril.com\/en\/wp-json\/wp\/v2\/pages\/845\/revisions"}],"predecessor-version":[{"id":7593,"href":"https:\/\/fragasdocabril.com\/en\/wp-json\/wp\/v2\/pages\/845\/revisions\/7593"}],"wp:attachment":[{"href":"https:\/\/fragasdocabril.com\/en\/wp-json\/wp\/v2\/media?parent=845"}],"curies":[{"name":"wp","href":"https:\/\/api.w.org\/{rel}","templated":true}]}}