{"id":2285,"date":"2025-03-04T22:19:12","date_gmt":"2025-03-04T22:19:12","guid":{"rendered":"https:\/\/fragasdocabril.com\/?page_id=2285"},"modified":"2026-03-20T00:03:35","modified_gmt":"2026-03-20T00:03:35","slug":"eventosretiros","status":"publish","type":"page","link":"https:\/\/fragasdocabril.com\/en\/eventosretiros\/","title":{"rendered":"Events&amp;Retreats"},"content":{"rendered":"\t\t<div data-elementor-type=\"wp-page\" data-elementor-id=\"2285\" class=\"elementor elementor-2285\">\n\t\t\t\t<div class=\"elementor-element elementor-element-275119 e-flex e-con-boxed wpr-sticky-section-no wpr-equal-height-no e-con e-parent\" data-id=\"275119\" data-element_type=\"container\" data-e-type=\"container\" data-settings=\"{&quot;background_background&quot;:&quot;classic&quot;}\">\n\t\t\t\t\t<div class=\"e-con-inner\">\n\t\t\t\t<div class=\"elementor-element elementor-element-e570a43 elementor-widget-mobile__width-inherit elementor-widget elementor-widget-heading\" data-id=\"e570a43\" data-element_type=\"widget\" data-e-type=\"widget\" data-widget_type=\"heading.default\">\n\t\t\t\t<div class=\"elementor-widget-container\">\n\t\t\t\t\t<h1 class=\"elementor-heading-title elementor-size-default\">Eventos &amp; Retiros<\/h1>\t\t\t\t<\/div>\n\t\t\t\t<\/div>\n\t\t\t\t\t<\/div>\n\t\t\t\t<\/div>\n\t\t<div class=\"elementor-element elementor-element-ef127be e-con-full e-flex wpr-sticky-section-no wpr-equal-height-no e-con e-parent\" data-id=\"ef127be\" data-element_type=\"container\" data-e-type=\"container\">\n\t\t<div class=\"elementor-element elementor-element-7b9987c e-flex e-con-boxed wpr-sticky-section-no wpr-equal-height-no e-con e-child\" data-id=\"7b9987c\" data-element_type=\"container\" data-e-type=\"container\">\n\t\t\t\t\t<div class=\"e-con-inner\">\n\t\t<div class=\"elementor-element elementor-element-4faf708 e-con-full titulo-mrg-btm e-flex wpr-sticky-section-no wpr-equal-height-no e-con e-child\" data-id=\"4faf708\" data-element_type=\"container\" data-e-type=\"container\">\n\t\t\t\t<div class=\"elementor-element elementor-element-6a4e8f6 titulo elementor-widget-mobile__width-inherit elementor-widget elementor-widget-heading\" data-id=\"6a4e8f6\" data-element_type=\"widget\" data-e-type=\"widget\" data-widget_type=\"heading.default\">\n\t\t\t\t<div class=\"elementor-widget-container\">\n\t\t\t\t\t<h2 class=\"elementor-heading-title elementor-size-default\"><img decoding=\"async\" src=\"https:\/\/fragasdocabril.com\/wp-content\/uploads\/2025\/02\/fdc_icon_btn.svg\">Aluguer de espa\u00e7o<\/h2>\t\t\t\t<\/div>\n\t\t\t\t<\/div>\n\t\t\t\t<div class=\"elementor-element elementor-element-870cab4 elementor-widget__width-inherit elementor-widget elementor-widget-heading\" data-id=\"870cab4\" data-element_type=\"widget\" data-e-type=\"widget\" data-widget_type=\"heading.default\">\n\t\t\t\t<div class=\"elementor-widget-container\">\n\t\t\t\t\t<h6 class=\"elementor-heading-title elementor-size-default\">casamentos, reuni\u00f5es, retiros, anivers\u00e1rios<\/h6>\t\t\t\t<\/div>\n\t\t\t\t<\/div>\n\t\t\t\t<\/div>\n\t\t\t\t<div class=\"elementor-element elementor-element-b73afb5 elementor-widget elementor-widget-text-editor\" data-id=\"b73afb5\" data-element_type=\"widget\" data-e-type=\"widget\" data-widget_type=\"text-editor.default\">\n\t\t\t\t<div class=\"elementor-widget-container\">\n\t\t\t\t\t\t\t\t\t<p data-start=\"0\" data-end=\"65\"><b>Celebre Momentos \u00danicos em Ambiente Natural\u00a0<\/b><\/p><p data-start=\"67\" data-end=\"387\">No\u00a0<em>Fragas do Cabril Eco &amp; Wellness Lodge<\/em>, cada evento \u00e9 muito mais do que uma celebra\u00e7\u00e3o \u2013 \u00e9 uma experi\u00eancia \u00fanica em comunh\u00e3o com a natureza. Seja um <b>casamento <\/b>de sonho, um <b>anivers\u00e1rio <\/b>especial, um <b>batizado<\/b>, uma <b>reuni\u00e3o corporativa<\/b> ou um <b>retiro espiritual<\/b>, o nosso espa\u00e7o adapta-se a cada momento, tornando-o memor\u00e1vel.<\/p><p data-start=\"389\" data-end=\"629\">Diga-nos qual \u00e9 a sua celebra\u00e7\u00e3o de sonho e n\u00f3s iremos planear cada detalhe com\u00a0<span style=\"color: var( --e-global-color-text ); font-size: 1em; background-color: var(--ast-global-color-5); font-weight: inherit;\">amor <\/span><span style=\"font-style: inherit; font-weight: inherit; color: var( --e-global-color-text ); background-color: var(--ast-global-color-5);\">e dedica\u00e7\u00e3o, integrando a beleza natural envolvente com a tradi\u00e7\u00e3o e o charme da regi\u00e3o.<\/span><span style=\"color: var( --e-global-color-text ); font-size: 1em; background-color: var(--ast-global-color-5); font-weight: inherit;\">\u00a0<\/span><span style=\"background-color: var(--ast-global-color-5); color: var( --e-global-color-text ); font-style: inherit; font-weight: inherit;\">A nossa experi\u00eancia garante que cada evento seja aut\u00eantico, personalizado e inesquec\u00edvel, sempre em harmonia com o ambiente.<\/span><\/p><p data-start=\"631\" data-end=\"805\" data-is-last-node=\"\" data-is-only-node=\"\">Deixe-nos transformar a sua vis\u00e3o em realidade, num lugar onde a natureza celebra consigo.<br data-start=\"721\" data-end=\"724\" \/><strong data-start=\"724\" data-end=\"805\" data-is-last-node=\"\">A magia acontece aqui \u2013 fale connosco e comece a criar o seu evento perfeito.<\/strong><\/p>\t\t\t\t\t\t\t\t<\/div>\n\t\t\t\t<\/div>\n\t\t\t\t<div class=\"elementor-element elementor-element-9382dbd elementor-align-center elementor-mobile-align-center btn_branco_arrow elementor-widget elementor-widget-button\" data-id=\"9382dbd\" data-element_type=\"widget\" data-e-type=\"widget\" data-widget_type=\"button.default\">\n\t\t\t\t<div class=\"elementor-widget-container\">\n\t\t\t\t\t\t\t\t\t<div class=\"elementor-button-wrapper\">\n\t\t\t\t\t<a class=\"elementor-button elementor-button-link elementor-size-sm\" href=\"https:\/\/fragasdocabril.com\/contactos\/?reason=evento#contactos\">\n\t\t\t\t\t\t<span class=\"elementor-button-content-wrapper\">\n\t\t\t\t\t\t\t\t\t<span class=\"elementor-button-text\">RESERVE ONLINE<\/span>\n\t\t\t\t\t<\/span>\n\t\t\t\t\t<\/a>\n\t\t\t\t<\/div>\n\t\t\t\t\t\t\t\t<\/div>\n\t\t\t\t<\/div>\n\t\t\t\t\t<\/div>\n\t\t\t\t<\/div>\n\t\t<div class=\"elementor-element elementor-element-ce4b6a3 e-con-full e-flex wpr-sticky-section-no wpr-equal-height-no e-con e-child\" data-id=\"ce4b6a3\" data-element_type=\"container\" data-e-type=\"container\">\n\t\t\t\t<div class=\"elementor-element elementor-element-dcc7baf elementor-widget__width-inherit full-height elementor-widget elementor-widget-shortcode\" data-id=\"dcc7baf\" data-element_type=\"widget\" data-e-type=\"widget\" data-widget_type=\"shortcode.default\">\n\t\t\t\t<div class=\"elementor-widget-container\">\n\t\t\t\t\t\t\t<div class=\"elementor-shortcode\"><div  id=\"jtg-4013\" class=\"modula modula-gallery modula-custom-grid\" data-config=\"{&quot;height&quot;:534,&quot;tabletHeight&quot;:534,&quot;mobileHeight&quot;:500,&quot;desktopHeight&quot;:534,&quot;enableTwitter&quot;:false,&quot;enableWhatsapp&quot;:false,&quot;enableFacebook&quot;:false,&quot;enablePinterest&quot;:false,&quot;enableLinkedin&quot;:false,&quot;enableEmail&quot;:false,&quot;randomFactor&quot;:0.81,&quot;type&quot;:&quot;custom-grid&quot;,&quot;columns&quot;:12,&quot;gutter&quot;:5,&quot;mobileGutter&quot;:5,&quot;tabletGutter&quot;:5,&quot;desktopGutter&quot;:5,&quot;enableResponsive&quot;:true,&quot;tabletColumns&quot;:3,&quot;mobileColumns&quot;:2,&quot;lazyLoad&quot;:0,&quot;lightboxOpts&quot;:{&quot;animated&quot;:true,&quot;Thumbs&quot;:{&quot;type&quot;:&quot;modern&quot;,&quot;showOnStart&quot;:false},&quot;Toolbar&quot;:{&quot;display&quot;:{&quot;right&quot;:[&quot;close&quot;]},&quot;enabled&quot;:true},&quot;Carousel&quot;:{&quot;Panzoom&quot;:{&quot;touch&quot;:true},&quot;infinite&quot;:false},&quot;keyboard&quot;:{&quot;Escape&quot;:&quot;close&quot;,&quot;Delete&quot;:&quot;close&quot;,&quot;Backspace&quot;:&quot;close&quot;,&quot;PageUp&quot;:false,&quot;PageDown&quot;:false,&quot;ArrowUp&quot;:false,&quot;ArrowDown&quot;:false,&quot;ArrowRight&quot;:false,&quot;ArrowLeft&quot;:false},&quot;touch&quot;:false,&quot;backdropClick&quot;:false,&quot;l10n&quot;:{&quot;CLOSE&quot;:&quot;Close&quot;,&quot;NEXT&quot;:&quot;Next&quot;,&quot;PREV&quot;:&quot;Previous&quot;,&quot;Error&quot;:&quot;The requested content cannot be loaded. Please try again later.&quot;,&quot;PLAY_START&quot;:&quot;Start slideshow&quot;,&quot;PLAY_STOP&quot;:&quot;Pause slideshow&quot;,&quot;FULL_SCREEN&quot;:&quot;Full screen&quot;,&quot;THUMBS&quot;:&quot;Thumbnails&quot;,&quot;DOWNLOAD&quot;:&quot;Download&quot;,&quot;SHARE&quot;:&quot;Share&quot;,&quot;ZOOM&quot;:&quot;Zoom&quot;,&quot;EMAIL&quot;:&quot;Here is the link to the image : %%image_link%% and this is the link to the gallery : %%gallery_link%%&quot;,&quot;MODAL&quot;:&quot;You can close this modal content with the ESC key&quot;,&quot;ERROR&quot;:&quot;Something Went Wrong, Please Try Again Later&quot;,&quot;IMAGE_ERROR&quot;:&quot;Image Not Found&quot;,&quot;ELEMENT_NOT_FOUND&quot;:&quot;HTML Element Not Found&quot;,&quot;AJAX_NOT_FOUND&quot;:&quot;Error Loading AJAX : Not Found&quot;,&quot;AJAX_FORBIDDEN&quot;:&quot;Error Loading AJAX : Forbidden&quot;,&quot;IFRAME_ERROR&quot;:&quot;Error Loading Page&quot;,&quot;TOGGLE_ZOOM&quot;:&quot;Toggle zoom level&quot;,&quot;TOGGLE_THUMBS&quot;:&quot;Toggle thumbnails&quot;,&quot;TOGGLE_SLIDESHOW&quot;:&quot;Toggle slideshow&quot;,&quot;TOGGLE_FULLSCREEN&quot;:&quot;Toggle full-screen mode&quot;},&quot;Images&quot;:{&quot;Panzoom&quot;:{&quot;maxScale&quot;:2}},&quot;mainClass&quot;:&quot;modula-fancybox-container modula-lightbox-jtg-4013&quot;,&quot;Html&quot;:{&quot;videoAutoplay&quot;:0,&quot;videoTpl&quot;:&quot;&lt;video class=\\&quot;fancybox__html5video\\&quot; controls muted playsinline controlsList controlsList=\\&quot;nodownload\\&quot; poster=\\&quot;{{poster}}\\&quot; src=\\&quot;{{src}}\\&quot; type=\\&quot;{{format}}\\&quot; &gt;  Sorry, your browser doesn&#039;t support embedded videos, &lt;a href=\\&quot;{{src}}\\&quot;&gt; download &lt;\\\/a&gt; and watch with your favorite video player! &lt;\\\/video&gt;&quot;}},&quot;inView&quot;:false,&quot;email_subject&quot;:&quot;Check out this awesome image !!&quot;,&quot;email_message&quot;:&quot;Here is the link to the image : %%image_link%% and this is the link to the gallery : %%gallery_link%%&quot;,&quot;lightbox&quot;:&quot;fancybox&quot;}\">\n\n\t\n\t<div  class=\"modula-items\">\n\t\t<div class=\"modula-item effect-pufrobo\" data-width=\"4\" data-height=\"4\" >\n\t<div class=\"modula-item-overlay\"><\/div>\n\n\t<div class=\"modula-item-content\">\n\n\t\t<a data-image-id=\"4016\" role=\"button\" data-elementor-open-lightbox=\"no\" tabindex=\"0\" rel=\"jtg-4013\" data-caption=\"\" aria-label=\"Open image in lightbox\" class=\"tile-inner modula-item-link\"><\/a><img fetchpriority=\"high\" decoding=\"async\" class=\"pic wp-image-4016\"  data-valign=\"middle\" data-halign=\"center\" alt=\"\" data-full=\"https:\/\/fragasdocabril.com\/wp-content\/uploads\/2025\/03\/image43.jpeg\" title=\"image43\" crop=\"\" width=\"462\" height=\"617\" src=\"https:\/\/fragasdocabril.com\/wp-content\/uploads\/2025\/03\/image43.jpeg\" data-src=\"https:\/\/fragasdocabril.com\/wp-content\/uploads\/2025\/03\/image43.jpeg\" data-caption=\"\" srcset=\"https:\/\/fragasdocabril.com\/wp-content\/uploads\/2025\/03\/image43.jpeg 462w, https:\/\/fragasdocabril.com\/wp-content\/uploads\/2025\/03\/image43-225x300.jpeg 225w\" sizes=\"(max-width: 462px) 100vw, 462px\" \/>\n\t\t<div class=\"figc no-description\">\n\t\t\t<div class=\"figc-inner\">\n\t\t\t\t\t\t\t\t\t\t\t\t\t\t\t<\/div>\n\t\t<\/div>\n\n\t<\/div>\n\n<\/div><div class=\"modula-item effect-pufrobo\" data-width=\"4\" data-height=\"4\" >\n\t<div class=\"modula-item-overlay\"><\/div>\n\n\t<div class=\"modula-item-content\">\n\n\t\t<a data-image-id=\"4021\" role=\"button\" data-elementor-open-lightbox=\"no\" tabindex=\"0\" rel=\"jtg-4013\" data-caption=\"\" aria-label=\"Open image in lightbox\" class=\"tile-inner modula-item-link\"><\/a><img decoding=\"async\" class=\"pic wp-image-4021\"  data-valign=\"middle\" data-halign=\"center\" alt=\"\" data-full=\"https:\/\/fragasdocabril.com\/wp-content\/uploads\/2025\/03\/image48.jpeg\" title=\"image48\" crop=\"\" width=\"485\" height=\"633\" src=\"https:\/\/fragasdocabril.com\/wp-content\/uploads\/2025\/03\/image48.jpeg\" data-src=\"https:\/\/fragasdocabril.com\/wp-content\/uploads\/2025\/03\/image48.jpeg\" data-caption=\"\" srcset=\"https:\/\/fragasdocabril.com\/wp-content\/uploads\/2025\/03\/image48.jpeg 485w, https:\/\/fragasdocabril.com\/wp-content\/uploads\/2025\/03\/image48-230x300.jpeg 230w\" sizes=\"(max-width: 485px) 100vw, 485px\" \/>\n\t\t<div class=\"figc no-description\">\n\t\t\t<div class=\"figc-inner\">\n\t\t\t\t\t\t\t\t\t\t\t\t\t\t\t<\/div>\n\t\t<\/div>\n\n\t<\/div>\n\n<\/div><div class=\"modula-item effect-pufrobo\" data-width=\"4\" data-height=\"4\" >\n\t<div class=\"modula-item-overlay\"><\/div>\n\n\t<div class=\"modula-item-content\">\n\n\t\t<a data-image-id=\"4020\" role=\"button\" data-elementor-open-lightbox=\"no\" tabindex=\"0\" rel=\"jtg-4013\" data-caption=\"\" aria-label=\"Open image in lightbox\" class=\"tile-inner modula-item-link\"><\/a><img decoding=\"async\" class=\"pic wp-image-4020\"  data-valign=\"middle\" data-halign=\"center\" alt=\"\" data-full=\"https:\/\/fragasdocabril.com\/wp-content\/uploads\/2025\/03\/image47.jpeg\" title=\"image47\" crop=\"\" width=\"453\" height=\"605\" src=\"https:\/\/fragasdocabril.com\/wp-content\/uploads\/2025\/03\/image47.jpeg\" data-src=\"https:\/\/fragasdocabril.com\/wp-content\/uploads\/2025\/03\/image47.jpeg\" data-caption=\"\" srcset=\"https:\/\/fragasdocabril.com\/wp-content\/uploads\/2025\/03\/image47.jpeg 453w, https:\/\/fragasdocabril.com\/wp-content\/uploads\/2025\/03\/image47-225x300.jpeg 225w\" sizes=\"(max-width: 453px) 100vw, 453px\" \/>\n\t\t<div class=\"figc no-description\">\n\t\t\t<div class=\"figc-inner\">\n\t\t\t\t\t\t\t\t\t\t\t\t\t\t\t<\/div>\n\t\t<\/div>\n\n\t<\/div>\n\n<\/div><div class=\"modula-item effect-pufrobo\" data-width=\"4\" data-height=\"4\" >\n\t<div class=\"modula-item-overlay\"><\/div>\n\n\t<div class=\"modula-item-content\">\n\n\t\t<a data-image-id=\"4015\" role=\"button\" data-elementor-open-lightbox=\"no\" tabindex=\"0\" rel=\"jtg-4013\" data-caption=\"\" aria-label=\"Open image in lightbox\" class=\"tile-inner modula-item-link\"><\/a><img loading=\"lazy\" decoding=\"async\" class=\"pic wp-image-4015\"  data-valign=\"middle\" data-halign=\"center\" alt=\"\" data-full=\"https:\/\/fragasdocabril.com\/wp-content\/uploads\/2025\/03\/image42.png\" title=\"image42\" crop=\"\" width=\"398\" height=\"531\" src=\"https:\/\/fragasdocabril.com\/wp-content\/uploads\/2025\/03\/image42.png\" data-src=\"https:\/\/fragasdocabril.com\/wp-content\/uploads\/2025\/03\/image42.png\" data-caption=\"\" srcset=\"https:\/\/fragasdocabril.com\/wp-content\/uploads\/2025\/03\/image42.png 398w, https:\/\/fragasdocabril.com\/wp-content\/uploads\/2025\/03\/image42-225x300.png 225w\" sizes=\"(max-width: 398px) 100vw, 398px\" \/>\n\t\t<div class=\"figc no-description\">\n\t\t\t<div class=\"figc-inner\">\n\t\t\t\t\t\t\t\t\t\t\t\t\t\t\t<\/div>\n\t\t<\/div>\n\n\t<\/div>\n\n<\/div><div class=\"modula-item effect-pufrobo\" data-width=\"4\" data-height=\"4\" >\n\t<div class=\"modula-item-overlay\"><\/div>\n\n\t<div class=\"modula-item-content\">\n\n\t\t<a data-image-id=\"7059\" role=\"button\" data-elementor-open-lightbox=\"no\" tabindex=\"0\" rel=\"jtg-4013\" data-caption=\"\" aria-label=\"Open image in lightbox\" class=\"tile-inner modula-item-link\"><\/a><img loading=\"lazy\" decoding=\"async\" class=\"pic wp-image-7059\"  data-valign=\"middle\" data-halign=\"center\" alt=\"\" data-full=\"https:\/\/fragasdocabril.com\/wp-content\/uploads\/2025\/05\/1000052321.jpg\" title=\"1000052321\" crop=\"\" width=\"2992\" height=\"4000\" src=\"https:\/\/fragasdocabril.com\/wp-content\/uploads\/2025\/05\/1000052321.jpg\" data-src=\"https:\/\/fragasdocabril.com\/wp-content\/uploads\/2025\/05\/1000052321.jpg\" data-caption=\"\" srcset=\"https:\/\/fragasdocabril.com\/wp-content\/uploads\/2025\/05\/1000052321.jpg 2992w, https:\/\/fragasdocabril.com\/wp-content\/uploads\/2025\/05\/1000052321-224x300.jpg 224w, https:\/\/fragasdocabril.com\/wp-content\/uploads\/2025\/05\/1000052321-766x1024.jpg 766w, https:\/\/fragasdocabril.com\/wp-content\/uploads\/2025\/05\/1000052321-768x1027.jpg 768w, https:\/\/fragasdocabril.com\/wp-content\/uploads\/2025\/05\/1000052321-1149x1536.jpg 1149w, https:\/\/fragasdocabril.com\/wp-content\/uploads\/2025\/05\/1000052321-1532x2048.jpg 1532w, https:\/\/fragasdocabril.com\/wp-content\/uploads\/2025\/05\/1000052321-9x12.jpg 9w\" sizes=\"(max-width: 2992px) 100vw, 2992px\" \/>\n\t\t<div class=\"figc no-description\">\n\t\t\t<div class=\"figc-inner\">\n\t\t\t\t\t\t\t\t\t\t\t\t\t\t\t<\/div>\n\t\t<\/div>\n\n\t<\/div>\n\n<\/div><div class=\"modula-item effect-pufrobo\" data-width=\"4\" data-height=\"4\" >\n\t<div class=\"modula-item-overlay\"><\/div>\n\n\t<div class=\"modula-item-content\">\n\n\t\t<a data-image-id=\"7060\" role=\"button\" data-elementor-open-lightbox=\"no\" tabindex=\"0\" rel=\"jtg-4013\" data-caption=\"\" aria-label=\"Open image in lightbox\" class=\"tile-inner modula-item-link\"><\/a><img loading=\"lazy\" decoding=\"async\" class=\"pic wp-image-7060\"  data-valign=\"middle\" data-halign=\"center\" alt=\"\" data-full=\"https:\/\/fragasdocabril.com\/wp-content\/uploads\/2025\/05\/Imagem9.jpg\" title=\"Imagem9\" crop=\"\" width=\"468\" height=\"626\" src=\"https:\/\/fragasdocabril.com\/wp-content\/uploads\/2025\/05\/Imagem9.jpg\" data-src=\"https:\/\/fragasdocabril.com\/wp-content\/uploads\/2025\/05\/Imagem9.jpg\" data-caption=\"\" srcset=\"https:\/\/fragasdocabril.com\/wp-content\/uploads\/2025\/05\/Imagem9.jpg 468w, https:\/\/fragasdocabril.com\/wp-content\/uploads\/2025\/05\/Imagem9-224x300.jpg 224w, https:\/\/fragasdocabril.com\/wp-content\/uploads\/2025\/05\/Imagem9-9x12.jpg 9w\" sizes=\"(max-width: 468px) 100vw, 468px\" \/>\n\t\t<div class=\"figc no-description\">\n\t\t\t<div class=\"figc-inner\">\n\t\t\t\t\t\t\t\t\t\t\t\t\t\t\t<\/div>\n\t\t<\/div>\n\n\t<\/div>\n\n<\/div>\t\t\n\t<\/div>\n\n\t\n\t\n\t<script type=\"application\/ld+json\">\n\t{\n\t\t\"@context\": \"http:\/\/schema.org\",\n\t\t\"@type\"   : \"ImageGallery\",\n\t\t\"id\"      : \"https:\/\/fragasdocabril.com\/en\/eventosretiros\/\",\n\t\t\"url\"     : \"https:\/\/fragasdocabril.com\/en\/eventosretiros\/\"\n\t}\n\n\t<\/script>\n\n\t\n<\/div>\n<\/div>\n\t\t\t\t\t\t<\/div>\n\t\t\t\t<\/div>\n\t\t\t\t<\/div>\n\t\t\t\t<\/div>\n\t\t<div class=\"elementor-element elementor-element-994b97a e-flex e-con-boxed wpr-sticky-section-no wpr-equal-height-no e-con e-parent\" data-id=\"994b97a\" data-element_type=\"container\" data-e-type=\"container\">\n\t\t\t\t\t<div class=\"e-con-inner\">\n\t\t\t\t\t<\/div>\n\t\t\t\t<\/div>\n\t\t\t\t<\/div>\n\t\t","protected":false},"excerpt":{"rendered":"<p>Events &amp; Retreats Venue Hire weddings, meetings, retreats, birthdays Celebrate Unique Moments in a Natural Setting At Fragas do Cabril Eco &amp; Wellness Lodge, every event is much more than a celebration \u2013 it is a unique experience in communion with nature. Whether it is a dream wedding, a special birthday, a christening, a corporate meeting or a spiritual retreat, our space adapts to each moment, making it memorable. Tell us what your dream celebration is and we will plan every detail with love and dedication, integrating the surrounding natural beauty with the tradition and charm of the region. Our experience ensures that each event is authentic, personalized and unforgettable, always in harmony with the environment. Let us transform your vision into reality, in a place where nature celebrates with you. The magic happens here \u2013 talk to us and start creating your perfect event. BOOK ONLINE<\/p>","protected":false},"author":1,"featured_media":0,"parent":0,"menu_order":0,"comment_status":"closed","ping_status":"closed","template":"elementor_header_footer","meta":{"site-sidebar-layout":"no-sidebar","site-content-layout":"","ast-site-content-layout":"full-width-container","site-content-style":"default","site-sidebar-style":"default","ast-global-header-display":"","ast-banner-title-visibility":"","ast-main-header-display":"","ast-hfb-above-header-display":"","ast-hfb-below-header-display":"","ast-hfb-mobile-header-display":"","site-post-title":"disabled","ast-breadcrumbs-content":"","ast-featured-img":"disabled","footer-sml-layout":"","ast-disable-related-posts":"","theme-transparent-header-meta":"","adv-header-id-meta":"","stick-header-meta":"","header-above-stick-meta":"","header-main-stick-meta":"","header-below-stick-meta":"","astra-migrate-meta-layouts":"default","ast-page-background-enabled":"default","ast-page-background-meta":{"desktop":{"background-color":"var(--ast-global-color-5)","background-image":"","background-repeat":"repeat","background-position":"center center","background-size":"auto","background-attachment":"scroll","background-type":"","background-media":"","overlay-type":"","overlay-color":"","overlay-opacity":"","overlay-gradient":""},"tablet":{"background-color":"","background-image":"","background-repeat":"repeat","background-position":"center center","background-size":"auto","background-attachment":"scroll","background-type":"","background-media":"","overlay-type":"","overlay-color":"","overlay-opacity":"","overlay-gradient":""},"mobile":{"background-color":"","background-image":"","background-repeat":"repeat","background-position":"center center","background-size":"auto","background-attachment":"scroll","background-type":"","background-media":"","overlay-type":"","overlay-color":"","overlay-opacity":"","overlay-gradient":""}},"ast-content-background-meta":{"desktop":{"background-color":"var(--ast-global-color-4)","background-image":"","background-repeat":"repeat","background-position":"center center","background-size":"auto","background-attachment":"scroll","background-type":"","background-media":"","overlay-type":"","overlay-color":"","overlay-opacity":"","overlay-gradient":""},"tablet":{"background-color":"var(--ast-global-color-4)","background-image":"","background-repeat":"repeat","background-position":"center center","background-size":"auto","background-attachment":"scroll","background-type":"","background-media":"","overlay-type":"","overlay-color":"","overlay-opacity":"","overlay-gradient":""},"mobile":{"background-color":"var(--ast-global-color-4)","background-image":"","background-repeat":"repeat","background-position":"center center","background-size":"auto","background-attachment":"scroll","background-type":"","background-media":"","overlay-type":"","overlay-color":"","overlay-opacity":"","overlay-gradient":""}},"footnotes":""},"class_list":["post-2285","page","type-page","status-publish","hentry"],"_links":{"self":[{"href":"https:\/\/fragasdocabril.com\/en\/wp-json\/wp\/v2\/pages\/2285","targetHints":{"allow":["GET"]}}],"collection":[{"href":"https:\/\/fragasdocabril.com\/en\/wp-json\/wp\/v2\/pages"}],"about":[{"href":"https:\/\/fragasdocabril.com\/en\/wp-json\/wp\/v2\/types\/page"}],"author":[{"embeddable":true,"href":"https:\/\/fragasdocabril.com\/en\/wp-json\/wp\/v2\/users\/1"}],"replies":[{"embeddable":true,"href":"https:\/\/fragasdocabril.com\/en\/wp-json\/wp\/v2\/comments?post=2285"}],"version-history":[{"count":347,"href":"https:\/\/fragasdocabril.com\/en\/wp-json\/wp\/v2\/pages\/2285\/revisions"}],"predecessor-version":[{"id":7231,"href":"https:\/\/fragasdocabril.com\/en\/wp-json\/wp\/v2\/pages\/2285\/revisions\/7231"}],"wp:attachment":[{"href":"https:\/\/fragasdocabril.com\/en\/wp-json\/wp\/v2\/media?parent=2285"}],"curies":[{"name":"wp","href":"https:\/\/api.w.org\/{rel}","templated":true}]}}